{"id":50,"date":"2023-05-10T11:34:37","date_gmt":"2023-05-10T11:34:37","guid":{"rendered":"https:\/\/www.apartmanmallorca.sk\/?page_id=50"},"modified":"2023-05-15T19:13:44","modified_gmt":"2023-05-15T19:13:44","slug":"rezervacny-formular","status":"publish","type":"page","link":"https:\/\/www.apartmanmallorca.sk\/?page_id=50","title":{"rendered":"Rezerva\u010dn\u00fd formul\u00e1r"},"content":{"rendered":"","protected":false},"excerpt":{"rendered":"","protected":false},"author":1,"featured_media":0,"parent":0,"menu_order":0,"comment_status":"closed","ping_status":"closed","template":"","meta":{"ngg_post_thumbnail":0,"_glsr_average":0,"_glsr_ranking":0,"_glsr_reviews":0,"footnotes":""},"class_list":["post-50","page","type-page","status-publish","hentry"],"jetpack_sharing_enabled":true,"_links":{"self":[{"href":"https:\/\/www.apartmanmallorca.sk\/index.php?rest_route=\/wp\/v2\/pages\/50","targetHints":{"allow":["GET"]}}],"collection":[{"href":"https:\/\/www.apartmanmallorca.sk\/index.php?rest_route=\/wp\/v2\/pages"}],"about":[{"href":"https:\/\/www.apartmanmallorca.sk\/index.php?rest_route=\/wp\/v2\/types\/page"}],"author":[{"embeddable":true,"href":"https:\/\/www.apartmanmallorca.sk\/index.php?rest_route=\/wp\/v2\/users\/1"}],"replies":[{"embeddable":true,"href":"https:\/\/www.apartmanmallorca.sk\/index.php?rest_route=%2Fwp%2Fv2%2Fcomments&post=50"}],"version-history":[{"count":2,"href":"https:\/\/www.apartmanmallorca.sk\/index.php?rest_route=\/wp\/v2\/pages\/50\/revisions"}],"predecessor-version":[{"id":174,"href":"https:\/\/www.apartmanmallorca.sk\/index.php?rest_route=\/wp\/v2\/pages\/50\/revisions\/174"}],"wp:attachment":[{"href":"https:\/\/www.apartmanmallorca.sk\/index.php?rest_route=%2Fwp%2Fv2%2Fmedia&parent=50"}],"curies":[{"name":"wp","href":"https:\/\/api.w.org\/{rel}","templated":true}]}}